{"id":3559,"date":"2021-01-03T09:21:14","date_gmt":"2021-01-03T09:21:14","guid":{"rendered":"https:\/\/themes.themegoods.com\/grandrestaurantv6\/demo6\/?page_id=3559"},"modified":"2026-03-11T14:44:33","modified_gmt":"2026-03-11T14:44:33","slug":"blog","status":"publish","type":"page","link":"https:\/\/koddedastavre.rs\/en\/blog\/","title":{"rendered":"Blog"},"content":{"rendered":"<div data-elementor-type=\"wp-page\" data-elementor-id=\"3559\" class=\"elementor elementor-3559\">\n\t\t\t\t\t\t<section class=\"elementor-section elementor-top-section elementor-element elementor-element-665be3c elementor-section-height-min-height elementor-section-stretched elementor-section-boxed elementor-section-height-default elementor-section-items-middle\" data-id=\"665be3c\" data-element_type=\"section\" data-e-type=\"section\" data-settings=\"{&quot;stretch_section&quot;:&quot;section-stretched&quot;,&quot;background_background&quot;:&quot;classic&quot;,&quot;grandrestaurant_ext_is_background_parallax&quot;:&quot;true&quot;,&quot;shape_divider_bottom&quot;:&quot;tilt&quot;,&quot;grandrestaurant_ext_is_background_parallax_speed&quot;:{&quot;unit&quot;:&quot;px&quot;,&quot;size&quot;:0.8,&quot;sizes&quot;:[]},&quot;grandrestaurant_ext_is_background_backdrop&quot;:&quot;false&quot;,&quot;grandrestaurant_ext_is_background_on_scroll&quot;:&quot;false&quot;}\">\n\t\t\t\t\t\t\t<div class=\"elementor-background-overlay\"><\/div>\n\t\t\t\t\t\t<div class=\"elementor-shape elementor-shape-bottom\" aria-hidden=\"true\" data-negative=\"false\">\n\t\t\t<svg xmlns=\"http:\/\/www.w3.org\/2000\/svg\" viewbox=\"0 0 1000 100\" preserveaspectratio=\"none\">\n\t<path class=\"elementor-shape-fill\" d=\"M0,6V0h1000v100L0,6z\"\/>\n<\/svg>\t\t<\/div>\n\t\t\t\t\t<div class=\"elementor-container elementor-column-gap-default\">\n\t\t\t\t\t<div class=\"elementor-column elementor-col-100 elementor-top-column elementor-element elementor-element-7047114\" data-id=\"7047114\" data-element_type=\"column\" data-e-type=\"column\" data-settings=\"{&quot;grandrestaurant_ext_link_reservation&quot;:&quot;false&quot;,&quot;grandrestaurant_ext_link_sidemenu&quot;:&quot;false&quot;,&quot;grandrestaurant_ext_link_fullmenu&quot;:&quot;false&quot;,&quot;grandrestaurant_ext_link_closed_fullmenu&quot;:&quot;false&quot;,&quot;grandrestaurant_ext_is_scrollme&quot;:&quot;false&quot;,&quot;grandrestaurant_ext_is_smoove&quot;:&quot;false&quot;,&quot;grandrestaurant_ext_is_parallax_mouse&quot;:&quot;false&quot;,&quot;grandrestaurant_ext_is_infinite&quot;:&quot;false&quot;,&quot;grandrestaurant_ext_is_fadeout_animation&quot;:&quot;false&quot;,&quot;grandrestaurant_ext_mobile_static&quot;:&quot;false&quot;}\">\n\t\t\t<div class=\"elementor-widget-wrap elementor-element-populated\">\n\t\t\t\t\t\t<div class=\"elementor-element elementor-element-0712bc2 elementor-widget__width-inherit elementor-widget elementor-widget-grandrestaurant-animated-text\" data-id=\"0712bc2\" data-element_type=\"widget\" data-e-type=\"widget\" data-settings=\"{&quot;grandrestaurant_ext_link_reservation&quot;:&quot;false&quot;,&quot;grandrestaurant_ext_link_sidemenu&quot;:&quot;false&quot;,&quot;grandrestaurant_ext_link_fullmenu&quot;:&quot;false&quot;,&quot;grandrestaurant_ext_link_closed_fullmenu&quot;:&quot;false&quot;,&quot;grandrestaurant_ext_is_scrollme&quot;:&quot;false&quot;,&quot;grandrestaurant_ext_is_smoove&quot;:&quot;false&quot;,&quot;grandrestaurant_ext_is_parallax_mouse&quot;:&quot;false&quot;,&quot;grandrestaurant_ext_is_infinite&quot;:&quot;false&quot;,&quot;grandrestaurant_ext_mobile_static&quot;:&quot;false&quot;}\" data-widget_type=\"grandrestaurant-animated-text.default\">\n\t\t\t\t<div class=\"elementor-widget-container\">\n\t\t\t\t\t<div class=\"themegoods-animated-text text-alignment-center transition-bottom overflow-hidden\" data-delimiter=\"sentence\" data-transition=\"100\" data-transition-delay=\"200\" data-transition-duration=\"800\">\n\t\t<h2>\n\t\tNa\u0161e\t<\/h2>\n\t<\/div>\t\t\t\t<\/div>\n\t\t\t\t<\/div>\n\t\t\t\t<div class=\"elementor-element elementor-element-8c11e9f elementor-widget__width-auto elementor-widget elementor-widget-grandrestaurant-animated-text\" data-id=\"8c11e9f\" data-element_type=\"widget\" data-e-type=\"widget\" data-settings=\"{&quot;grandrestaurant_ext_link_reservation&quot;:&quot;false&quot;,&quot;grandrestaurant_ext_link_sidemenu&quot;:&quot;false&quot;,&quot;grandrestaurant_ext_link_fullmenu&quot;:&quot;false&quot;,&quot;grandrestaurant_ext_link_closed_fullmenu&quot;:&quot;false&quot;,&quot;grandrestaurant_ext_is_scrollme&quot;:&quot;false&quot;,&quot;grandrestaurant_ext_is_smoove&quot;:&quot;false&quot;,&quot;grandrestaurant_ext_is_parallax_mouse&quot;:&quot;false&quot;,&quot;grandrestaurant_ext_is_infinite&quot;:&quot;false&quot;,&quot;grandrestaurant_ext_mobile_static&quot;:&quot;false&quot;}\" data-widget_type=\"grandrestaurant-animated-text.default\">\n\t\t\t\t<div class=\"elementor-widget-container\">\n\t\t\t\t\t<div class=\"themegoods-animated-text text-alignment-left transition-bottom overflow-hidden\" data-delimiter=\"word\" data-transition=\"100\" data-transition-delay=\"400\" data-transition-duration=\"800\">\n\t\t<h2>\n\t\tPri\u010de\t<\/h2>\n\t<\/div>\t\t\t\t<\/div>\n\t\t\t\t<\/div>\n\t\t\t\t\t<\/div>\n\t\t<\/div>\n\t\t\t\t\t<\/div>\n\t\t<\/section>\n\t\t\t\t<section class=\"elementor-section elementor-top-section elementor-element elementor-element-100c9e7 elementor-section-boxed elementor-section-height-default elementor-section-height-default\" data-id=\"100c9e7\" data-element_type=\"section\" data-e-type=\"section\" data-settings=\"{&quot;grandrestaurant_ext_is_background_parallax&quot;:&quot;false&quot;,&quot;grandrestaurant_ext_is_background_backdrop&quot;:&quot;false&quot;,&quot;grandrestaurant_ext_is_background_on_scroll&quot;:&quot;false&quot;}\">\n\t\t\t\t\t\t<div class=\"elementor-container elementor-column-gap-default\">\n\t\t\t\t\t<div class=\"elementor-column elementor-col-100 elementor-top-column elementor-element elementor-element-aa1d510\" data-id=\"aa1d510\" data-element_type=\"column\" data-e-type=\"column\" data-settings=\"{&quot;grandrestaurant_ext_link_reservation&quot;:&quot;false&quot;,&quot;grandrestaurant_ext_link_sidemenu&quot;:&quot;false&quot;,&quot;grandrestaurant_ext_link_fullmenu&quot;:&quot;false&quot;,&quot;grandrestaurant_ext_link_closed_fullmenu&quot;:&quot;false&quot;,&quot;grandrestaurant_ext_is_scrollme&quot;:&quot;false&quot;,&quot;grandrestaurant_ext_is_smoove&quot;:&quot;false&quot;,&quot;grandrestaurant_ext_is_parallax_mouse&quot;:&quot;false&quot;,&quot;grandrestaurant_ext_is_infinite&quot;:&quot;false&quot;,&quot;grandrestaurant_ext_is_fadeout_animation&quot;:&quot;false&quot;,&quot;grandrestaurant_ext_mobile_static&quot;:&quot;false&quot;}\">\n\t\t\t<div class=\"elementor-widget-wrap elementor-element-populated\">\n\t\t\t\t\t\t<div class=\"elementor-element elementor-element-de67d4c elementor-widget elementor-widget-grandrestaurant-blog-posts\" data-id=\"de67d4c\" data-element_type=\"widget\" data-e-type=\"widget\" data-settings=\"{&quot;grandrestaurant_ext_link_reservation&quot;:&quot;false&quot;,&quot;grandrestaurant_ext_link_sidemenu&quot;:&quot;false&quot;,&quot;grandrestaurant_ext_link_fullmenu&quot;:&quot;false&quot;,&quot;grandrestaurant_ext_link_closed_fullmenu&quot;:&quot;false&quot;,&quot;grandrestaurant_ext_is_scrollme&quot;:&quot;false&quot;,&quot;grandrestaurant_ext_is_smoove&quot;:&quot;false&quot;,&quot;grandrestaurant_ext_is_parallax_mouse&quot;:&quot;false&quot;,&quot;grandrestaurant_ext_is_infinite&quot;:&quot;false&quot;,&quot;grandrestaurant_ext_is_fadeout_animation&quot;:&quot;false&quot;,&quot;grandrestaurant_ext_mobile_static&quot;:&quot;false&quot;}\" data-widget_type=\"grandrestaurant-blog-posts.default\">\n\t\t\t\t<div class=\"elementor-widget-container\">\n\t\t\t\t\t<div class=\"blog-post-content-wrapper layout-masonry\">\n<!-- Begin each blog post -->\n<div class=\"blog-posts-masonry post-6057 post type-post status-publish format-standard has-post-thumbnail hentry category-uncategorized\">\n\n\t\t<div class=\"post-wrapper smoove disable_tablet\" data-delay=\"100\">\n\t\t\n\t\t\t\t    <div class=\"post-featured-image static\">\n\t\t\t    \t\t\t    <div class=\"post-featured-image-hover\">\n\t\t\t\t    \n\t\t\t\t    \t\t\t\t\t\n\t\t\t     \t\t\t\t\t     <img decoding=\"async\"  src=\"https:\/\/koddedastavre.rs\/wp-content\/uploads\/2025\/04\/deda-stavra-22-768x510.webp\" class=\"lazy_masonry smoove disable_tablet\" alt=\"\"\/>\n\t\t\t\t     \t\t\t     \t\t\t\t     \t<a href=\"https:\/\/koddedastavre.rs\/en\/pecenje-kako-prepoznati-pravo-domace-pecenje-i-gde-ga-probati\/\"><\/a>\n\t\t\t    <\/div>\n\t\t    <\/div>\n\t\t\t    \n\t    <div class=\"post-content-wrapper text-\">\n\t\t    \n\t\t    <div class=\"post-header\">\n\t\t\t\t<div class=\"post-header-title\">\n\t\t\t\t    <h5><a href=\"https:\/\/koddedastavre.rs\/en\/pecenje-kako-prepoznati-pravo-domace-pecenje-i-gde-ga-probati\/\" title=\"Pe\u010denje \u2013 kako prepoznati pravo doma\u0107e pe\u010denje i gde ga probati\">Pe\u010denje \u2013 kako prepoznati pravo doma\u0107e pe\u010denje i gde ga probati<\/a><\/h5>\n\t\t\t\t<\/div>\n\t\t\t\t\n\t\t\t\t\t\t\t<\/div>\n\t    \n\t\t\t<div class=\"post-header-wrapper\">\n\t\t\t\t<p>Dobro pripremljeno pe\u010denje zahteva iskustvo, kvalitetno meso i pravilnu temperaturu...<\/p>\t\t\t    <div class=\"post-button-wrapper\">\n\t\t\t\t    <a class=\"continue-reading\" href=\"https:\/\/koddedastavre.rs\/en\/pecenje-kako-prepoznati-pravo-domace-pecenje-i-gde-ga-probati\/\" title=\"Pe\u010denje \u2013 kako prepoznati pravo doma\u0107e pe\u010denje i gde ga probati\">Continue Reading<span><\/span><\/a>\n\t\t\t    <\/div>\n\t\t\t    <br class=\"clear\"\/>\n\t\t\t<\/div>\n\t    <\/div>\n\t    \n\t<\/div>\n\n<\/div>\n<!-- End each blog post --><!-- Begin each blog post -->\n<div class=\"blog-posts-masonry post-6056 post type-post status-publish format-standard has-post-thumbnail hentry category-uncategorized\">\n\n\t\t<div class=\"post-wrapper smoove disable_tablet\" data-delay=\"200\">\n\t\t\n\t\t\t\t    <div class=\"post-featured-image static\">\n\t\t\t    \t\t\t    <div class=\"post-featured-image-hover\">\n\t\t\t\t    \n\t\t\t\t    \t\t\t\t\t\n\t\t\t     \t\t\t\t\t     <img decoding=\"async\"  src=\"https:\/\/koddedastavre.rs\/wp-content\/uploads\/2025\/04\/FDZ_5542-768x510.webp\" class=\"lazy_masonry smoove disable_tablet\" alt=\"\"\/>\n\t\t\t\t     \t\t\t     \t\t\t\t     \t<a href=\"https:\/\/koddedastavre.rs\/en\/najbolje-pecenje-u-srbiji\/\"><\/a>\n\t\t\t    <\/div>\n\t\t    <\/div>\n\t\t\t    \n\t    <div class=\"post-content-wrapper text-\">\n\t\t    \n\t\t    <div class=\"post-header\">\n\t\t\t\t<div class=\"post-header-title\">\n\t\t\t\t    <h5><a href=\"https:\/\/koddedastavre.rs\/en\/najbolje-pecenje-u-srbiji\/\" title=\"Najbolje pe\u010denje u Srbiji\">Najbolje pe\u010denje u Srbiji<\/a><\/h5>\n\t\t\t\t<\/div>\n\t\t\t\t\n\t\t\t\t\t\t\t<\/div>\n\t    \n\t\t\t<div class=\"post-header-wrapper\">\n\t\t\t\t<p>Ljubitelji doma\u0107e hrane \u0161irom zemlje \u010desto se pitaju gde se nalazi najbolje pe\u010denje u...<\/p>\t\t\t    <div class=\"post-button-wrapper\">\n\t\t\t\t    <a class=\"continue-reading\" href=\"https:\/\/koddedastavre.rs\/en\/najbolje-pecenje-u-srbiji\/\" title=\"Najbolje pe\u010denje u Srbiji\">Continue Reading<span><\/span><\/a>\n\t\t\t    <\/div>\n\t\t\t    <br class=\"clear\"\/>\n\t\t\t<\/div>\n\t    <\/div>\n\t    \n\t<\/div>\n\n<\/div>\n<!-- End each blog post --><!-- Begin each blog post -->\n<div class=\"blog-posts-masonry post-6018 post type-post status-publish format-standard has-post-thumbnail hentry category-uncategorized\">\n\n\t\t<div class=\"post-wrapper smoove disable_tablet\" data-delay=\"300\">\n\t\t\n\t\t\t\t    <div class=\"post-featured-image static\">\n\t\t\t    \t\t\t    <div class=\"post-featured-image-hover\">\n\t\t\t\t    \n\t\t\t\t    \t\t\t\t\t\n\t\t\t     \t\t\t\t\t     <img decoding=\"async\"  src=\"https:\/\/koddedastavre.rs\/wp-content\/uploads\/2025\/04\/Wizard-Media-727-768x510.webp\" class=\"lazy_masonry smoove disable_tablet\" alt=\"\"\/>\n\t\t\t\t     \t\t\t     \t\t\t\t     \t<a href=\"https:\/\/koddedastavre.rs\/en\/najbolje-pecenje-u-beogradu-gde-jesti-pravo-prasece-i-jagnjece-pecenje\/\"><\/a>\n\t\t\t    <\/div>\n\t\t    <\/div>\n\t\t\t    \n\t    <div class=\"post-content-wrapper text-\">\n\t\t    \n\t\t    <div class=\"post-header\">\n\t\t\t\t<div class=\"post-header-title\">\n\t\t\t\t    <h5><a href=\"https:\/\/koddedastavre.rs\/en\/najbolje-pecenje-u-beogradu-gde-jesti-pravo-prasece-i-jagnjece-pecenje\/\" title=\"Najbolje pe\u010denje u Beogradu \u2013 gde jesti pravo prase\u0107e i jagnje\u0107e pe\u010denje\">Najbolje pe\u010denje u Beogradu \u2013 gde jesti pravo prase\u0107e i jagnje\u0107e pe\u010denje<\/a><\/h5>\n\t\t\t\t<\/div>\n\t\t\t\t\n\t\t\t\t\t\t\t<\/div>\n\t    \n\t\t\t<div class=\"post-header-wrapper\">\n\t\t\t\t<p>Kada se govori o tradicionalnoj srpskoj kuhinji, jedno jelo se uvek izdvaja kao simbol...<\/p>\t\t\t    <div class=\"post-button-wrapper\">\n\t\t\t\t    <a class=\"continue-reading\" href=\"https:\/\/koddedastavre.rs\/en\/najbolje-pecenje-u-beogradu-gde-jesti-pravo-prasece-i-jagnjece-pecenje\/\" title=\"Najbolje pe\u010denje u Beogradu \u2013 gde jesti pravo prase\u0107e i jagnje\u0107e pe\u010denje\">Continue Reading<span><\/span><\/a>\n\t\t\t    <\/div>\n\t\t\t    <br class=\"clear\"\/>\n\t\t\t<\/div>\n\t    <\/div>\n\t    \n\t<\/div>\n\n<\/div>\n<!-- End each blog post --><\/div>\n<br class=\"clear\"\/>\t\t\t\t<\/div>\n\t\t\t\t<\/div>\n\t\t\t\t\t<\/div>\n\t\t<\/div>\n\t\t\t\t\t<\/div>\n\t\t<\/section>\n\t\t\t\t<\/div>","protected":false},"excerpt":{"rendered":"<p>Na\u0161e Pri\u010de Najbolje pe\u010denje u Srbiji Kada se govori o tradicionalnoj srpskoj kuhinji, jedno jelo se gotovo uvek nalazi na vrhu&#8230; Continue Reading Najbolje pe\u010denje u Beogradu \u2013 gde jesti pravo prase\u0107e i jagnje\u0107e pe\u010denje Kada se govori o tradicionalnoj [&hellip;]<\/p>\n","protected":false},"author":1,"featured_media":0,"parent":0,"menu_order":0,"comment_status":"closed","ping_status":"closed","template":"","meta":{"footnotes":""},"class_list":["post-3559","page","type-page","status-publish","hentry"],"yoast_head":"<!-- This site is optimized with the Yoast SEO plugin v27.1.1 - https:\/\/yoast.com\/product\/yoast-seo-wordpress\/ -->\n<title>Blog - Kod Deda Stavre<\/title>\n<meta name=\"robots\" content=\"index, follow, max-snippet:-1, max-image-preview:large, max-video-preview:-1\" \/>\n<link rel=\"canonical\" href=\"https:\/\/koddedastavre.rs\/en\/blog\/\" \/>\n<meta property=\"og:locale\" content=\"en_GB\" \/>\n<meta property=\"og:type\" content=\"article\" \/>\n<meta property=\"og:title\" content=\"Blog - Kod Deda Stavre\" \/>\n<meta property=\"og:description\" content=\"Na\u0161e Pri\u010de Najbolje pe\u010denje u Srbiji Kada se govori o tradicionalnoj srpskoj kuhinji, jedno jelo se gotovo uvek nalazi na vrhu&#8230; Continue Reading Najbolje pe\u010denje u Beogradu \u2013 gde jesti pravo prase\u0107e i jagnje\u0107e pe\u010denje Kada se govori o tradicionalnoj [&hellip;]\" \/>\n<meta property=\"og:url\" content=\"https:\/\/koddedastavre.rs\/en\/blog\/\" \/>\n<meta property=\"og:site_name\" content=\"Kod Deda Stavre\" \/>\n<meta property=\"article:modified_time\" content=\"2026-03-11T14:44:33+00:00\" \/>\n<meta property=\"og:image\" content=\"https:\/\/koddedastavre.rs\/wp-content\/uploads\/2025\/04\/FDZ_5542-768x510.webp\" \/>\n<meta name=\"twitter:card\" content=\"summary_large_image\" \/>\n<script type=\"application\/ld+json\" class=\"yoast-schema-graph\">{\"@context\":\"https:\/\/schema.org\",\"@graph\":[{\"@type\":\"WebPage\",\"@id\":\"https:\/\/koddedastavre.rs\/blog\/\",\"url\":\"https:\/\/koddedastavre.rs\/blog\/\",\"name\":\"Blog - Kod Deda Stavre\",\"isPartOf\":{\"@id\":\"https:\/\/koddedastavre.rs\/#website\"},\"primaryImageOfPage\":{\"@id\":\"https:\/\/koddedastavre.rs\/blog\/#primaryimage\"},\"image\":{\"@id\":\"https:\/\/koddedastavre.rs\/blog\/#primaryimage\"},\"thumbnailUrl\":\"https:\/\/koddedastavre.rs\/wp-content\/uploads\/2025\/04\/FDZ_5542-768x510.webp\",\"datePublished\":\"2021-01-03T09:21:14+00:00\",\"dateModified\":\"2026-03-11T14:44:33+00:00\",\"breadcrumb\":{\"@id\":\"https:\/\/koddedastavre.rs\/blog\/#breadcrumb\"},\"inLanguage\":\"en-GB\",\"potentialAction\":[{\"@type\":\"ReadAction\",\"target\":[\"https:\/\/koddedastavre.rs\/blog\/\"]}]},{\"@type\":\"ImageObject\",\"inLanguage\":\"en-GB\",\"@id\":\"https:\/\/koddedastavre.rs\/blog\/#primaryimage\",\"url\":\"https:\/\/koddedastavre.rs\/wp-content\/uploads\/2025\/04\/FDZ_5542-768x510.webp\",\"contentUrl\":\"https:\/\/koddedastavre.rs\/wp-content\/uploads\/2025\/04\/FDZ_5542-768x510.webp\"},{\"@type\":\"BreadcrumbList\",\"@id\":\"https:\/\/koddedastavre.rs\/blog\/#breadcrumb\",\"itemListElement\":[{\"@type\":\"ListItem\",\"position\":1,\"name\":\"Home\",\"item\":\"https:\/\/koddedastavre.rs\/\"},{\"@type\":\"ListItem\",\"position\":2,\"name\":\"Blog\"}]},{\"@type\":\"WebSite\",\"@id\":\"https:\/\/koddedastavre.rs\/#website\",\"url\":\"https:\/\/koddedastavre.rs\/\",\"name\":\"Kod Deda Stavre\",\"description\":\"\",\"publisher\":{\"@id\":\"https:\/\/koddedastavre.rs\/#organization\"},\"potentialAction\":[{\"@type\":\"SearchAction\",\"target\":{\"@type\":\"EntryPoint\",\"urlTemplate\":\"https:\/\/koddedastavre.rs\/?s={search_term_string}\"},\"query-input\":{\"@type\":\"PropertyValueSpecification\",\"valueRequired\":true,\"valueName\":\"search_term_string\"}}],\"inLanguage\":\"en-GB\"},{\"@type\":\"Organization\",\"@id\":\"https:\/\/koddedastavre.rs\/#organization\",\"name\":\"Kod Deda Stavre\",\"url\":\"https:\/\/koddedastavre.rs\/\",\"logo\":{\"@type\":\"ImageObject\",\"inLanguage\":\"en-GB\",\"@id\":\"https:\/\/koddedastavre.rs\/#\/schema\/logo\/image\/\",\"url\":\"https:\/\/koddedastavre.rs\/wp-content\/uploads\/2025\/04\/logo-meni-scaled.webp\",\"contentUrl\":\"https:\/\/koddedastavre.rs\/wp-content\/uploads\/2025\/04\/logo-meni-scaled.webp\",\"width\":2560,\"height\":488,\"caption\":\"Kod Deda Stavre\"},\"image\":{\"@id\":\"https:\/\/koddedastavre.rs\/#\/schema\/logo\/image\/\"},\"sameAs\":[\"https:\/\/www.instagram.com\/kod_deda_stavre\/\",\"https:\/\/www.instagram.com\/kod_deda_stavre_zeleni_venac\/\"]}]}<\/script>\n<!-- \/ Yoast SEO plugin. -->","yoast_head_json":{"title":"Blog - Kod Deda Stavre","robots":{"index":"index","follow":"follow","max-snippet":"max-snippet:-1","max-image-preview":"max-image-preview:large","max-video-preview":"max-video-preview:-1"},"canonical":"https:\/\/koddedastavre.rs\/en\/blog\/","og_locale":"en_GB","og_type":"article","og_title":"Blog - Kod Deda Stavre","og_description":"Na\u0161e Pri\u010de Najbolje pe\u010denje u Srbiji Kada se govori o tradicionalnoj srpskoj kuhinji, jedno jelo se gotovo uvek nalazi na vrhu&#8230; Continue Reading Najbolje pe\u010denje u Beogradu \u2013 gde jesti pravo prase\u0107e i jagnje\u0107e pe\u010denje Kada se govori o tradicionalnoj [&hellip;]","og_url":"https:\/\/koddedastavre.rs\/en\/blog\/","og_site_name":"Kod Deda Stavre","article_modified_time":"2026-03-11T14:44:33+00:00","og_image":[{"url":"https:\/\/koddedastavre.rs\/wp-content\/uploads\/2025\/04\/FDZ_5542-768x510.webp","type":"","width":"","height":""}],"twitter_card":"summary_large_image","schema":{"@context":"https:\/\/schema.org","@graph":[{"@type":"WebPage","@id":"https:\/\/koddedastavre.rs\/blog\/","url":"https:\/\/koddedastavre.rs\/blog\/","name":"Blog - Kod Deda Stavre","isPartOf":{"@id":"https:\/\/koddedastavre.rs\/#website"},"primaryImageOfPage":{"@id":"https:\/\/koddedastavre.rs\/blog\/#primaryimage"},"image":{"@id":"https:\/\/koddedastavre.rs\/blog\/#primaryimage"},"thumbnailUrl":"https:\/\/koddedastavre.rs\/wp-content\/uploads\/2025\/04\/FDZ_5542-768x510.webp","datePublished":"2021-01-03T09:21:14+00:00","dateModified":"2026-03-11T14:44:33+00:00","breadcrumb":{"@id":"https:\/\/koddedastavre.rs\/blog\/#breadcrumb"},"inLanguage":"en-GB","potentialAction":[{"@type":"ReadAction","target":["https:\/\/koddedastavre.rs\/blog\/"]}]},{"@type":"ImageObject","inLanguage":"en-GB","@id":"https:\/\/koddedastavre.rs\/blog\/#primaryimage","url":"https:\/\/koddedastavre.rs\/wp-content\/uploads\/2025\/04\/FDZ_5542-768x510.webp","contentUrl":"https:\/\/koddedastavre.rs\/wp-content\/uploads\/2025\/04\/FDZ_5542-768x510.webp"},{"@type":"BreadcrumbList","@id":"https:\/\/koddedastavre.rs\/blog\/#breadcrumb","itemListElement":[{"@type":"ListItem","position":1,"name":"Home","item":"https:\/\/koddedastavre.rs\/"},{"@type":"ListItem","position":2,"name":"Blog"}]},{"@type":"WebSite","@id":"https:\/\/koddedastavre.rs\/#website","url":"https:\/\/koddedastavre.rs\/","name":"Kod Deda Stavre","description":"","publisher":{"@id":"https:\/\/koddedastavre.rs\/#organization"},"potentialAction":[{"@type":"SearchAction","target":{"@type":"EntryPoint","urlTemplate":"https:\/\/koddedastavre.rs\/?s={search_term_string}"},"query-input":{"@type":"PropertyValueSpecification","valueRequired":true,"valueName":"search_term_string"}}],"inLanguage":"en-GB"},{"@type":"Organization","@id":"https:\/\/koddedastavre.rs\/#organization","name":"Kod Deda Stavre","url":"https:\/\/koddedastavre.rs\/","logo":{"@type":"ImageObject","inLanguage":"en-GB","@id":"https:\/\/koddedastavre.rs\/#\/schema\/logo\/image\/","url":"https:\/\/koddedastavre.rs\/wp-content\/uploads\/2025\/04\/logo-meni-scaled.webp","contentUrl":"https:\/\/koddedastavre.rs\/wp-content\/uploads\/2025\/04\/logo-meni-scaled.webp","width":2560,"height":488,"caption":"Kod Deda Stavre"},"image":{"@id":"https:\/\/koddedastavre.rs\/#\/schema\/logo\/image\/"},"sameAs":["https:\/\/www.instagram.com\/kod_deda_stavre\/","https:\/\/www.instagram.com\/kod_deda_stavre_zeleni_venac\/"]}]}},"_links":{"self":[{"href":"https:\/\/koddedastavre.rs\/en\/wp-json\/wp\/v2\/pages\/3559","targetHints":{"allow":["GET"]}}],"collection":[{"href":"https:\/\/koddedastavre.rs\/en\/wp-json\/wp\/v2\/pages"}],"about":[{"href":"https:\/\/koddedastavre.rs\/en\/wp-json\/wp\/v2\/types\/page"}],"author":[{"embeddable":true,"href":"https:\/\/koddedastavre.rs\/en\/wp-json\/wp\/v2\/users\/1"}],"replies":[{"embeddable":true,"href":"https:\/\/koddedastavre.rs\/en\/wp-json\/wp\/v2\/comments?post=3559"}],"version-history":[{"count":19,"href":"https:\/\/koddedastavre.rs\/en\/wp-json\/wp\/v2\/pages\/3559\/revisions"}],"predecessor-version":[{"id":6062,"href":"https:\/\/koddedastavre.rs\/en\/wp-json\/wp\/v2\/pages\/3559\/revisions\/6062"}],"wp:attachment":[{"href":"https:\/\/koddedastavre.rs\/en\/wp-json\/wp\/v2\/media?parent=3559"}],"curies":[{"name":"wp","href":"https:\/\/api.w.org\/{rel}","templated":true}]}}